{"id":10,"date":"2024-05-01T19:17:46","date_gmt":"2024-05-01T19:17:46","guid":{"rendered":"https:\/\/demosites.royal-elementor-addons.com\/nail-salon-v1\/?page_id=10"},"modified":"2026-02-04T19:19:02","modified_gmt":"2026-02-04T19:19:02","slug":"about","status":"publish","type":"page","link":"https:\/\/gesund-aesthetisch.de\/?page_id=10","title":{"rendered":"\u00dcber mich"},"content":{"rendered":"\t\t<div data-elementor-type=\"wp-page\" data-elementor-id=\"10\" class=\"elementor elementor-10\">\n\t\t\t\t<div class=\"elementor-element elementor-element-356158e e-flex e-con-boxed wpr-particle-no wpr-jarallax-no wpr-parallax-no wpr-sticky-section-no e-con e-parent\" data-id=\"356158e\" data-element_type=\"container\">\n\t\t\t\t\t<div class=\"e-con-inner\">\n\t\t<div class=\"elementor-element elementor-element-0644a9a e-con-full e-flex wpr-particle-no wpr-jarallax-no wpr-parallax-no wpr-sticky-section-no elementor-invisible e-con e-child\" data-id=\"0644a9a\" data-element_type=\"container\" data-settings=\"{&quot;animation&quot;:&quot;slideInLeft&quot;}\">\n\t\t\t\t<div class=\"elementor-element elementor-element-0d18fa7 elementor-widget elementor-widget-heading\" data-id=\"0d18fa7\" data-element_type=\"widget\" data-widget_type=\"heading.default\">\n\t\t\t\t<div class=\"elementor-widget-container\">\n\t\t\t\t\t<h2 class=\"elementor-heading-title elementor-size-default\">\u00dcber mich<\/h2>\t\t\t\t<\/div>\n\t\t\t\t<\/div>\n\t\t\t\t<div class=\"elementor-element elementor-element-170d003 elementor-widget elementor-widget-heading\" data-id=\"170d003\" data-element_type=\"widget\" data-widget_type=\"heading.default\">\n\t\t\t\t<div class=\"elementor-widget-container\">\n\t\t\t\t\t<h2 class=\"elementor-heading-title elementor-size-default\">Daniela Schaaf Heilpraktikerin<\/h2>\t\t\t\t<\/div>\n\t\t\t\t<\/div>\n\t\t\t\t<div class=\"elementor-element elementor-element-b24fc15 elementor-widget elementor-widget-text-editor\" data-id=\"b24fc15\" data-element_type=\"widget\" data-widget_type=\"text-editor.default\">\n\t\t\t\t<div class=\"elementor-widget-container\">\n\t\t\t\t\t\t\t\t\t<p>Deine Sch\u00f6nheit und Gesundheit sind meine Leidenschaft.<br \/>Ich mache dich sch\u00f6ner. Und zwar so, dass du dich im Spiegel nicht nur wiedererkennst, sondern dich neu in dich verliebst.<\/p><p>In meiner Praxis gibt es kein \u201eSchema F\u201c, denn ich vertraue auf eine ganz besondere Zutat: Meine Intuition. Ich sehe oft schon beim ersten Hallo, ob dein Gesicht gerade nach einer sanften Auffrischung ruft oder ob dein K\u00f6rper im Inneren eine helfende Hand braucht.<\/p><p>Du entscheidest, wie tief wir gehen.<\/p><p>Kommst du zu mir f\u00fcr die \u00c4sthetik, bekommst du Handwerk auf h\u00f6chstem Niveau. Ich liebe Pr\u00e4zision, feine Konturen und Ergebnisse, die so nat\u00fcrlich sind, dass niemand fragt, was du hast machen lassen \u2013 sondern nur, warum du so verdammt gut aussiehst. Hier ist dein Wunsch mein Fokus. Dass ich als Heilpraktikerin dabei immer auf deine Sicherheit und deine Nat\u00fcrlichkeit achte, ist f\u00fcr mich Ehrensache.<\/p><p>Kommst du zu mir f\u00fcr deine Gesundheit, werden wir zum Team. Wir schauen gemeinsam unter das Mikroskop, k\u00fcmmern uns um deinen Darm und bringen deinen Stoffwechsel mit gezielter Supplementierung und Detox wieder in den Flow. Denn mal ehrlich: Die beste Creme der Welt kommt nicht gegen die Strahlkraft eines gesunden K\u00f6rpers an.<\/p><p>Was mich unterscheidet? Ich kann beides.<\/p><p>Und ich verbinde beides, wenn du bereit daf\u00fcr bist. Ich nenne es den \u201eGanzheitlichen Glow\u201c. Ich bin deine Expertin f\u00fcr den Moment, in dem \u00c4sthetik auf echte Gesundheit trifft. Rechtlich sicher, medizinisch fundiert und immer mit einem offenen Ohr f\u00fcr das, was dein Bauchgef\u00fchl sagt.<\/p><p>Ich bin hier, um das Beste aus dir rauszuholen \u2013 egal, ob mit einer Spritze, einer Dunkelfeldmikroskopie oder einfach mit dem richtigen Gesp\u00fcr f\u00fcr den Moment.<\/p><p>Lass uns dein Strahlen wecken. Ich freue mich auf dich!<\/p>\t\t\t\t\t\t\t\t<\/div>\n\t\t\t\t<\/div>\n\t\t\t\t<\/div>\n\t\t<div class=\"elementor-element elementor-element-2de4e1a e-con-full e-flex wpr-particle-no wpr-jarallax-no wpr-parallax-no wpr-sticky-section-no elementor-invisible e-con e-child\" data-id=\"2de4e1a\" data-element_type=\"container\" data-settings=\"{&quot;animation&quot;:&quot;slideInRight&quot;}\">\n\t\t\t\t<div class=\"elementor-element elementor-element-c3e2704 elementor-widget elementor-widget-image\" data-id=\"c3e2704\" data-element_type=\"widget\" data-widget_type=\"image.default\">\n\t\t\t\t<div class=\"elementor-widget-container\">\n\t\t\t\t\t\t\t\t\t\t\t\t\t\t\t<img fetchpriority=\"high\" decoding=\"async\" width=\"590\" height=\"725\" src=\"https:\/\/gesund-aesthetisch.de\/wp-content\/uploads\/2026\/02\/unnamed-41-e1770231465904.jpg\" class=\"attachment-full size-full wp-image-1441\" alt=\"\" srcset=\"https:\/\/gesund-aesthetisch.de\/wp-content\/uploads\/2026\/02\/unnamed-41-e1770231465904.jpg 590w, https:\/\/gesund-aesthetisch.de\/wp-content\/uploads\/2026\/02\/unnamed-41-e1770231465904-244x300.jpg 244w\" sizes=\"(max-width: 590px) 100vw, 590px\" \/>\t\t\t\t\t\t\t\t\t\t\t\t\t\t\t<\/div>\n\t\t\t\t<\/div>\n\t\t\t\t<\/div>\n\t\t\t\t\t<\/div>\n\t\t\t\t<\/div>\n\t\t<div class=\"elementor-element elementor-element-e1e24ad e-flex e-con-boxed wpr-particle-no wpr-jarallax-no wpr-parallax-no wpr-sticky-section-no e-con e-parent\" data-id=\"e1e24ad\" data-element_type=\"container\">\n\t\t\t\t\t<div class=\"e-con-inner\">\n\t\t<div class=\"elementor-element elementor-element-3857333 e-con-full e-flex wpr-particle-no wpr-jarallax-no wpr-parallax-no wpr-sticky-section-no e-con e-child\" data-id=\"3857333\" data-element_type=\"container\">\n\t\t<div class=\"elementor-element elementor-element-19aef7b e-con-full e-flex wpr-particle-no wpr-jarallax-no wpr-parallax-no wpr-sticky-section-no e-con e-child\" data-id=\"19aef7b\" data-element_type=\"container\" data-settings=\"{&quot;background_background&quot;:&quot;classic&quot;}\">\n\t\t<div class=\"elementor-element elementor-element-19abc67 e-flex e-con-boxed wpr-particle-no wpr-jarallax-no wpr-parallax-no wpr-sticky-section-no e-con e-child\" data-id=\"19abc67\" data-element_type=\"container\">\n\t\t\t\t\t<div class=\"e-con-inner\">\n\t\t<div class=\"elementor-element elementor-element-2d22fa2 e-flex e-con-boxed wpr-particle-no wpr-jarallax-no wpr-parallax-no wpr-sticky-section-no e-con e-child\" data-id=\"2d22fa2\" data-element_type=\"container\">\n\t\t\t\t\t<div class=\"e-con-inner\">\n\t\t<div class=\"elementor-element elementor-element-8da5651 e-con-full e-flex wpr-particle-no wpr-jarallax-no wpr-parallax-no wpr-sticky-section-no e-con e-child\" data-id=\"8da5651\" data-element_type=\"container\">\n\t\t\t\t<div class=\"elementor-element elementor-element-59307a1 elementor-widget elementor-widget-heading\" data-id=\"59307a1\" data-element_type=\"widget\" data-widget_type=\"heading.default\">\n\t\t\t\t<div class=\"elementor-widget-container\">\n\t\t\t\t\t<h2 class=\"elementor-heading-title elementor-size-default\">Der Praxisraum<\/h2>\t\t\t\t<\/div>\n\t\t\t\t<\/div>\n\t\t\t\t<div class=\"elementor-element elementor-element-14c5b49 elementor-widget elementor-widget-text-editor\" data-id=\"14c5b49\" data-element_type=\"widget\" data-widget_type=\"text-editor.default\">\n\t\t\t\t<div class=\"elementor-widget-container\">\n\t\t\t\t\t\t\t\t\t<div><span class=\"css-1jxf684 r-bcqeeo r-1ttztb7 r-qvutc0 r-poiln3 r-a8ghvy\"><span class=\"css-1jxf684 r-bcqeeo r-1ttztb7 r-qvutc0 r-poiln3\">Qualit\u00e4t, die du sp\u00fcrst: Meine Praxis verbindet Professionalit\u00e4t mit Wohlgef\u00fchl.<br \/><\/span><\/span><br \/><span class=\"css-1jxf684 r-bcqeeo r-1ttztb7 r-qvutc0 r-poiln3 r-a8ghvy\"><span class=\"css-1jxf684 r-bcqeeo r-1ttztb7 r-qvutc0 r-poiln3\">In einem stilvollem Ambiente kannst du dich sicher und entspannt fallen lassen.<\/span><\/span><\/div>\t\t\t\t\t\t\t\t<\/div>\n\t\t\t\t<\/div>\n\t\t\t\t<\/div>\n\t\t\t\t\t<\/div>\n\t\t\t\t<\/div>\n\t\t\t\t<div class=\"elementor-element elementor-element-4b8c6b1 elementor-widget elementor-widget-image\" data-id=\"4b8c6b1\" data-element_type=\"widget\" data-widget_type=\"image.default\">\n\t\t\t\t<div class=\"elementor-widget-container\">\n\t\t\t\t\t\t\t\t\t\t\t\t\t\t\t<img decoding=\"async\" width=\"960\" height=\"840\" src=\"https:\/\/gesund-aesthetisch.de\/wp-content\/uploads\/2025\/04\/Krabachtalstr.png\" class=\"attachment-large size-large wp-image-1062\" alt=\"\" srcset=\"https:\/\/gesund-aesthetisch.de\/wp-content\/uploads\/2025\/04\/Krabachtalstr.png 962w, https:\/\/gesund-aesthetisch.de\/wp-content\/uploads\/2025\/04\/Krabachtalstr-300x263.png 300w, https:\/\/gesund-aesthetisch.de\/wp-content\/uploads\/2025\/04\/Krabachtalstr-768x672.png 768w\" sizes=\"(max-width: 960px) 100vw, 960px\" \/>\t\t\t\t\t\t\t\t\t\t\t\t\t\t\t<\/div>\n\t\t\t\t<\/div>\n\t\t\t\t\t<\/div>\n\t\t\t\t<\/div>\n\t\t\t\t<\/div>\n\t\t\t\t<\/div>\n\t\t\t\t\t<\/div>\n\t\t\t\t<\/div>\n\t\t\t\t<\/div>\n\t\t","protected":false},"excerpt":{"rendered":"<p>\u00dcber mich Daniela Schaaf Heilpraktikerin Deine Sch\u00f6nheit und Gesundheit sind meine Leidenschaft.Ich mache dich sch\u00f6ner. Und zwar so, dass du dich im Spiegel nicht nur wiedererkennst, sondern dich neu in dich verliebst. In meiner Praxis gibt es kein \u201eSchema F\u201c, denn ich vertraue auf eine ganz besondere Zutat: Meine Intuition. Ich sehe oft schon beim ersten Hallo, ob dein Gesicht gerade nach einer sanften Auffrischung ruft oder ob dein K\u00f6rper im Inneren eine helfende Hand braucht. Du entscheidest, wie tief wir gehen. Kommst du zu mir f\u00fcr die \u00c4sthetik, bekommst du Handwerk auf h\u00f6chstem Niveau. Ich liebe Pr\u00e4zision, feine Konturen und Ergebnisse, die so nat\u00fcrlich sind, dass niemand fragt, was du hast machen lassen \u2013 sondern nur, warum du so verdammt gut aussiehst. Hier ist dein Wunsch mein Fokus. Dass ich als Heilpraktikerin dabei immer auf deine Sicherheit und deine Nat\u00fcrlichkeit achte, ist f\u00fcr mich Ehrensache. Kommst du zu mir f\u00fcr deine Gesundheit, werden wir zum Team. Wir schauen gemeinsam unter das Mikroskop, k\u00fcmmern uns um deinen Darm und bringen deinen Stoffwechsel mit gezielter Supplementierung und Detox wieder in den Flow. Denn mal ehrlich: Die beste Creme der Welt kommt nicht gegen die Strahlkraft eines gesunden K\u00f6rpers an. Was mich unterscheidet? Ich kann beides. Und ich verbinde beides, wenn du bereit daf\u00fcr bist. Ich nenne es den \u201eGanzheitlichen Glow\u201c. Ich bin deine Expertin f\u00fcr den Moment, in dem \u00c4sthetik auf echte Gesundheit trifft. Rechtlich sicher, medizinisch fundiert und immer mit einem offenen Ohr f\u00fcr das, was dein Bauchgef\u00fchl sagt. Ich bin hier, um das Beste aus dir rauszuholen \u2013 egal, ob mit einer Spritze, einer Dunkelfeldmikroskopie oder einfach mit dem richtigen Gesp\u00fcr f\u00fcr den Moment. Lass uns dein Strahlen wecken. Ich freue mich auf dich! Der Praxisraum Qualit\u00e4t, die du sp\u00fcrst: Meine Praxis verbindet Professionalit\u00e4t mit Wohlgef\u00fchl. In einem stilvollem Ambiente kannst du dich sicher und entspannt fallen lassen.<\/p>\n","protected":false},"author":1,"featured_media":0,"parent":0,"menu_order":0,"comment_status":"closed","ping_status":"closed","template":"elementor_canvas","meta":{"footnotes":""},"class_list":["post-10","page","type-page","status-publish","hentry"],"yoast_head":"<!-- This site is optimized with the Yoast SEO plugin v26.9 - https:\/\/yoast.com\/product\/yoast-seo-wordpress\/ -->\n<title>\u00dcber mich - Gesund &amp; \u00c4sthetisch<\/title>\n<meta name=\"robots\" content=\"index, follow, max-snippet:-1, max-image-preview:large, max-video-preview:-1\" \/>\n<link rel=\"canonical\" href=\"https:\/\/gesund-aesthetisch.de\/?page_id=10\" \/>\n<meta property=\"og:locale\" content=\"de_DE\" \/>\n<meta property=\"og:type\" content=\"article\" \/>\n<meta property=\"og:title\" content=\"\u00dcber mich - Gesund &amp; \u00c4sthetisch\" \/>\n<meta property=\"og:description\" content=\"\u00dcber mich Daniela Schaaf Heilpraktikerin Deine Sch\u00f6nheit und Gesundheit sind meine Leidenschaft.Ich mache dich sch\u00f6ner. Und zwar so, dass du dich im Spiegel nicht nur wiedererkennst, sondern dich neu in dich verliebst. In meiner Praxis gibt es kein \u201eSchema F\u201c, denn ich vertraue auf eine ganz besondere Zutat: Meine Intuition. Ich sehe oft schon beim ersten Hallo, ob dein Gesicht gerade nach einer sanften Auffrischung ruft oder ob dein K\u00f6rper im Inneren eine helfende Hand braucht. Du entscheidest, wie tief wir gehen. Kommst du zu mir f\u00fcr die \u00c4sthetik, bekommst du Handwerk auf h\u00f6chstem Niveau. Ich liebe Pr\u00e4zision, feine Konturen und Ergebnisse, die so nat\u00fcrlich sind, dass niemand fragt, was du hast machen lassen \u2013 sondern nur, warum du so verdammt gut aussiehst. Hier ist dein Wunsch mein Fokus. Dass ich als Heilpraktikerin dabei immer auf deine Sicherheit und deine Nat\u00fcrlichkeit achte, ist f\u00fcr mich Ehrensache. Kommst du zu mir f\u00fcr deine Gesundheit, werden wir zum Team. Wir schauen gemeinsam unter das Mikroskop, k\u00fcmmern uns um deinen Darm und bringen deinen Stoffwechsel mit gezielter Supplementierung und Detox wieder in den Flow. Denn mal ehrlich: Die beste Creme der Welt kommt nicht gegen die Strahlkraft eines gesunden K\u00f6rpers an. Was mich unterscheidet? Ich kann beides. Und ich verbinde beides, wenn du bereit daf\u00fcr bist. Ich nenne es den \u201eGanzheitlichen Glow\u201c. Ich bin deine Expertin f\u00fcr den Moment, in dem \u00c4sthetik auf echte Gesundheit trifft. Rechtlich sicher, medizinisch fundiert und immer mit einem offenen Ohr f\u00fcr das, was dein Bauchgef\u00fchl sagt. Ich bin hier, um das Beste aus dir rauszuholen \u2013 egal, ob mit einer Spritze, einer Dunkelfeldmikroskopie oder einfach mit dem richtigen Gesp\u00fcr f\u00fcr den Moment. Lass uns dein Strahlen wecken. Ich freue mich auf dich! Der Praxisraum Qualit\u00e4t, die du sp\u00fcrst: Meine Praxis verbindet Professionalit\u00e4t mit Wohlgef\u00fchl. In einem stilvollem Ambiente kannst du dich sicher und entspannt fallen lassen.\" \/>\n<meta property=\"og:url\" content=\"https:\/\/gesund-aesthetisch.de\/?page_id=10\" \/>\n<meta property=\"og:site_name\" content=\"Gesund &amp; \u00c4sthetisch\" \/>\n<meta property=\"article:modified_time\" content=\"2026-02-04T19:19:02+00:00\" \/>\n<meta property=\"og:image\" content=\"https:\/\/gesund-aesthetisch.de\/wp-content\/uploads\/2026\/02\/unnamed-41-e1770231465904.jpg\" \/>\n\t<meta property=\"og:image:width\" content=\"590\" \/>\n\t<meta property=\"og:image:height\" content=\"725\" \/>\n\t<meta property=\"og:image:type\" content=\"image\/jpeg\" \/>\n<meta name=\"twitter:card\" content=\"summary_large_image\" \/>\n<meta name=\"twitter:label1\" content=\"Gesch\u00e4tzte Lesezeit\" \/>\n\t<meta name=\"twitter:data1\" content=\"3\u00a0Minuten\" \/>\n<script type=\"application\/ld+json\" class=\"yoast-schema-graph\">{\"@context\":\"https:\/\/schema.org\",\"@graph\":[{\"@type\":\"WebPage\",\"@id\":\"https:\/\/gesund-aesthetisch.de\/?page_id=10\",\"url\":\"https:\/\/gesund-aesthetisch.de\/?page_id=10\",\"name\":\"\u00dcber mich - Gesund &amp; \u00c4sthetisch\",\"isPartOf\":{\"@id\":\"https:\/\/gesund-aesthetisch.de\/#website\"},\"primaryImageOfPage\":{\"@id\":\"https:\/\/gesund-aesthetisch.de\/?page_id=10#primaryimage\"},\"image\":{\"@id\":\"https:\/\/gesund-aesthetisch.de\/?page_id=10#primaryimage\"},\"thumbnailUrl\":\"https:\/\/gesund-aesthetisch.de\/wp-content\/uploads\/2026\/02\/unnamed-41-e1770231465904.jpg\",\"datePublished\":\"2024-05-01T19:17:46+00:00\",\"dateModified\":\"2026-02-04T19:19:02+00:00\",\"breadcrumb\":{\"@id\":\"https:\/\/gesund-aesthetisch.de\/?page_id=10#breadcrumb\"},\"inLanguage\":\"de\",\"potentialAction\":[{\"@type\":\"ReadAction\",\"target\":[\"https:\/\/gesund-aesthetisch.de\/?page_id=10\"]}]},{\"@type\":\"ImageObject\",\"inLanguage\":\"de\",\"@id\":\"https:\/\/gesund-aesthetisch.de\/?page_id=10#primaryimage\",\"url\":\"https:\/\/gesund-aesthetisch.de\/wp-content\/uploads\/2026\/02\/unnamed-41-e1770231465904.jpg\",\"contentUrl\":\"https:\/\/gesund-aesthetisch.de\/wp-content\/uploads\/2026\/02\/unnamed-41-e1770231465904.jpg\",\"width\":590,\"height\":725},{\"@type\":\"BreadcrumbList\",\"@id\":\"https:\/\/gesund-aesthetisch.de\/?page_id=10#breadcrumb\",\"itemListElement\":[{\"@type\":\"ListItem\",\"position\":1,\"name\":\"Startseite\",\"item\":\"https:\/\/gesund-aesthetisch.de\/\"},{\"@type\":\"ListItem\",\"position\":2,\"name\":\"\u00dcber mich\"}]},{\"@type\":\"WebSite\",\"@id\":\"https:\/\/gesund-aesthetisch.de\/#website\",\"url\":\"https:\/\/gesund-aesthetisch.de\/\",\"name\":\"Gesund & \u00c4sthetisch\",\"description\":\"\",\"publisher\":{\"@id\":\"https:\/\/gesund-aesthetisch.de\/#organization\"},\"potentialAction\":[{\"@type\":\"SearchAction\",\"target\":{\"@type\":\"EntryPoint\",\"urlTemplate\":\"https:\/\/gesund-aesthetisch.de\/?s={search_term_string}\"},\"query-input\":{\"@type\":\"PropertyValueSpecification\",\"valueRequired\":true,\"valueName\":\"search_term_string\"}}],\"inLanguage\":\"de\"},{\"@type\":\"Organization\",\"@id\":\"https:\/\/gesund-aesthetisch.de\/#organization\",\"name\":\"Gesund & \u00c4sthetisch\",\"url\":\"https:\/\/gesund-aesthetisch.de\/\",\"logo\":{\"@type\":\"ImageObject\",\"inLanguage\":\"de\",\"@id\":\"https:\/\/gesund-aesthetisch.de\/#\/schema\/logo\/image\/\",\"url\":\"https:\/\/gesund-aesthetisch.de\/wp-content\/uploads\/2025\/04\/brave_screenshot_gesund-aesthetisch.de_.png\",\"contentUrl\":\"https:\/\/gesund-aesthetisch.de\/wp-content\/uploads\/2025\/04\/brave_screenshot_gesund-aesthetisch.de_.png\",\"width\":299,\"height\":65,\"caption\":\"Gesund & \u00c4sthetisch\"},\"image\":{\"@id\":\"https:\/\/gesund-aesthetisch.de\/#\/schema\/logo\/image\/\"}}]}<\/script>\n<!-- \/ Yoast SEO plugin. -->","yoast_head_json":{"title":"\u00dcber mich - Gesund &amp; \u00c4sthetisch","robots":{"index":"index","follow":"follow","max-snippet":"max-snippet:-1","max-image-preview":"max-image-preview:large","max-video-preview":"max-video-preview:-1"},"canonical":"https:\/\/gesund-aesthetisch.de\/?page_id=10","og_locale":"de_DE","og_type":"article","og_title":"\u00dcber mich - Gesund &amp; \u00c4sthetisch","og_description":"\u00dcber mich Daniela Schaaf Heilpraktikerin Deine Sch\u00f6nheit und Gesundheit sind meine Leidenschaft.Ich mache dich sch\u00f6ner. Und zwar so, dass du dich im Spiegel nicht nur wiedererkennst, sondern dich neu in dich verliebst. In meiner Praxis gibt es kein \u201eSchema F\u201c, denn ich vertraue auf eine ganz besondere Zutat: Meine Intuition. Ich sehe oft schon beim ersten Hallo, ob dein Gesicht gerade nach einer sanften Auffrischung ruft oder ob dein K\u00f6rper im Inneren eine helfende Hand braucht. Du entscheidest, wie tief wir gehen. Kommst du zu mir f\u00fcr die \u00c4sthetik, bekommst du Handwerk auf h\u00f6chstem Niveau. Ich liebe Pr\u00e4zision, feine Konturen und Ergebnisse, die so nat\u00fcrlich sind, dass niemand fragt, was du hast machen lassen \u2013 sondern nur, warum du so verdammt gut aussiehst. Hier ist dein Wunsch mein Fokus. Dass ich als Heilpraktikerin dabei immer auf deine Sicherheit und deine Nat\u00fcrlichkeit achte, ist f\u00fcr mich Ehrensache. Kommst du zu mir f\u00fcr deine Gesundheit, werden wir zum Team. Wir schauen gemeinsam unter das Mikroskop, k\u00fcmmern uns um deinen Darm und bringen deinen Stoffwechsel mit gezielter Supplementierung und Detox wieder in den Flow. Denn mal ehrlich: Die beste Creme der Welt kommt nicht gegen die Strahlkraft eines gesunden K\u00f6rpers an. Was mich unterscheidet? Ich kann beides. Und ich verbinde beides, wenn du bereit daf\u00fcr bist. Ich nenne es den \u201eGanzheitlichen Glow\u201c. Ich bin deine Expertin f\u00fcr den Moment, in dem \u00c4sthetik auf echte Gesundheit trifft. Rechtlich sicher, medizinisch fundiert und immer mit einem offenen Ohr f\u00fcr das, was dein Bauchgef\u00fchl sagt. Ich bin hier, um das Beste aus dir rauszuholen \u2013 egal, ob mit einer Spritze, einer Dunkelfeldmikroskopie oder einfach mit dem richtigen Gesp\u00fcr f\u00fcr den Moment. Lass uns dein Strahlen wecken. Ich freue mich auf dich! Der Praxisraum Qualit\u00e4t, die du sp\u00fcrst: Meine Praxis verbindet Professionalit\u00e4t mit Wohlgef\u00fchl. In einem stilvollem Ambiente kannst du dich sicher und entspannt fallen lassen.","og_url":"https:\/\/gesund-aesthetisch.de\/?page_id=10","og_site_name":"Gesund &amp; \u00c4sthetisch","article_modified_time":"2026-02-04T19:19:02+00:00","og_image":[{"width":590,"height":725,"url":"https:\/\/gesund-aesthetisch.de\/wp-content\/uploads\/2026\/02\/unnamed-41-e1770231465904.jpg","type":"image\/jpeg"}],"twitter_card":"summary_large_image","twitter_misc":{"Gesch\u00e4tzte Lesezeit":"3\u00a0Minuten"},"schema":{"@context":"https:\/\/schema.org","@graph":[{"@type":"WebPage","@id":"https:\/\/gesund-aesthetisch.de\/?page_id=10","url":"https:\/\/gesund-aesthetisch.de\/?page_id=10","name":"\u00dcber mich - Gesund &amp; \u00c4sthetisch","isPartOf":{"@id":"https:\/\/gesund-aesthetisch.de\/#website"},"primaryImageOfPage":{"@id":"https:\/\/gesund-aesthetisch.de\/?page_id=10#primaryimage"},"image":{"@id":"https:\/\/gesund-aesthetisch.de\/?page_id=10#primaryimage"},"thumbnailUrl":"https:\/\/gesund-aesthetisch.de\/wp-content\/uploads\/2026\/02\/unnamed-41-e1770231465904.jpg","datePublished":"2024-05-01T19:17:46+00:00","dateModified":"2026-02-04T19:19:02+00:00","breadcrumb":{"@id":"https:\/\/gesund-aesthetisch.de\/?page_id=10#breadcrumb"},"inLanguage":"de","potentialAction":[{"@type":"ReadAction","target":["https:\/\/gesund-aesthetisch.de\/?page_id=10"]}]},{"@type":"ImageObject","inLanguage":"de","@id":"https:\/\/gesund-aesthetisch.de\/?page_id=10#primaryimage","url":"https:\/\/gesund-aesthetisch.de\/wp-content\/uploads\/2026\/02\/unnamed-41-e1770231465904.jpg","contentUrl":"https:\/\/gesund-aesthetisch.de\/wp-content\/uploads\/2026\/02\/unnamed-41-e1770231465904.jpg","width":590,"height":725},{"@type":"BreadcrumbList","@id":"https:\/\/gesund-aesthetisch.de\/?page_id=10#breadcrumb","itemListElement":[{"@type":"ListItem","position":1,"name":"Startseite","item":"https:\/\/gesund-aesthetisch.de\/"},{"@type":"ListItem","position":2,"name":"\u00dcber mich"}]},{"@type":"WebSite","@id":"https:\/\/gesund-aesthetisch.de\/#website","url":"https:\/\/gesund-aesthetisch.de\/","name":"Gesund & \u00c4sthetisch","description":"","publisher":{"@id":"https:\/\/gesund-aesthetisch.de\/#organization"},"potentialAction":[{"@type":"SearchAction","target":{"@type":"EntryPoint","urlTemplate":"https:\/\/gesund-aesthetisch.de\/?s={search_term_string}"},"query-input":{"@type":"PropertyValueSpecification","valueRequired":true,"valueName":"search_term_string"}}],"inLanguage":"de"},{"@type":"Organization","@id":"https:\/\/gesund-aesthetisch.de\/#organization","name":"Gesund & \u00c4sthetisch","url":"https:\/\/gesund-aesthetisch.de\/","logo":{"@type":"ImageObject","inLanguage":"de","@id":"https:\/\/gesund-aesthetisch.de\/#\/schema\/logo\/image\/","url":"https:\/\/gesund-aesthetisch.de\/wp-content\/uploads\/2025\/04\/brave_screenshot_gesund-aesthetisch.de_.png","contentUrl":"https:\/\/gesund-aesthetisch.de\/wp-content\/uploads\/2025\/04\/brave_screenshot_gesund-aesthetisch.de_.png","width":299,"height":65,"caption":"Gesund & \u00c4sthetisch"},"image":{"@id":"https:\/\/gesund-aesthetisch.de\/#\/schema\/logo\/image\/"}}]}},"_links":{"self":[{"href":"https:\/\/gesund-aesthetisch.de\/index.php?rest_route=\/wp\/v2\/pages\/10","targetHints":{"allow":["GET"]}}],"collection":[{"href":"https:\/\/gesund-aesthetisch.de\/index.php?rest_route=\/wp\/v2\/pages"}],"about":[{"href":"https:\/\/gesund-aesthetisch.de\/index.php?rest_route=\/wp\/v2\/types\/page"}],"author":[{"embeddable":true,"href":"https:\/\/gesund-aesthetisch.de\/index.php?rest_route=\/wp\/v2\/users\/1"}],"replies":[{"embeddable":true,"href":"https:\/\/gesund-aesthetisch.de\/index.php?rest_route=%2Fwp%2Fv2%2Fcomments&post=10"}],"version-history":[{"count":13,"href":"https:\/\/gesund-aesthetisch.de\/index.php?rest_route=\/wp\/v2\/pages\/10\/revisions"}],"predecessor-version":[{"id":1466,"href":"https:\/\/gesund-aesthetisch.de\/index.php?rest_route=\/wp\/v2\/pages\/10\/revisions\/1466"}],"wp:attachment":[{"href":"https:\/\/gesund-aesthetisch.de\/index.php?rest_route=%2Fwp%2Fv2%2Fmedia&parent=10"}],"curies":[{"name":"wp","href":"https:\/\/api.w.org\/{rel}","templated":true}]}}